{"id":206,"date":"2026-04-02T16:26:44","date_gmt":"2026-04-02T16:26:44","guid":{"rendered":"https:\/\/lyschorift.com\/?page_id=206"},"modified":"2026-04-02T16:54:53","modified_gmt":"2026-04-02T16:54:53","slug":"privacy-policy","status":"publish","type":"page","link":"https:\/\/lyschorift.com\/tr\/privacy-policy\/","title":{"rendered":"Gizlilik politikas\u0131"},"content":{"rendered":"<strong>Gizlilik politikas\u0131<br \/>\n<\/strong>\n\t<p>Ki\u015fisel bilgilerinizin gizlili\u011fini korumaya ve sayg\u0131 g\u00f6stermeye kararl\u0131y\u0131z.<\/p>\n<p><em>Son g\u00fcncelleme: 30 Ocak 2026.<\/em><\/p>\n\t<p>This Privacy Policy (hereafter referred to as the &#8220;Privacy Policy&#8221;) relates to the website <a href=\"https:\/\/lyschorift.com\/tr\/\">https:\/\/lyschorift.com<\/a> (hereafter referred to as the &#8220;website&#8221; or the &#8220;site&#8221;), the services provided by LYSCHOR\u0130FT NETWORKS TE\u00c7H\u0130ZAT T\u0130CARET L\u0130M\u0130TED \u015e\u0130RKET\u0130<\/p>\n<p>(hereinafter referred to as the &#8220;Company&#8221;, the owner and operator of the Site), and any related software applications (&#8216;Apps&#8217;) where personal data relating to You is processed by the same (via the Site, any of Our Apps or otherwise).<\/p>\n<p>LYSCHOR\u0130FT NETWORKS TE\u00c7H\u0130ZAT T\u0130CARET L\u0130M\u0130TED \u015e\u0130RKET\u0130, ekipman ve yaz\u0131l\u0131m al\u0131m sat\u0131m\u0131 yapan bir \u015firkettir.<\/p>\n<p>This Privacy Policy is issued on behalf of Company and its affiliates, so when it mentions Company, &#8220;We&#8221;, &#8220;Us&#8221;, or &#8220;Our&#8221; in this Privacy Policy, We are referring to the relevant entity in Company responsible for processing your data.<\/p>\n<p>In the Privacy Policy, &#8220;You&#8221;, &#8220;Your&#8221;, and &#8220;User&#8221; refer to an identified or identifiable natural person being the User of the Site and\/or client (or prospective client) of any of Our Services.<\/p>\n<p>Bu Gizlilik Politikas\u0131, \u015eirketin bize sa\u011flad\u0131\u011f\u0131n\u0131z ve bizim sizinle olan ili\u015fkinizi etkin bir \u015fekilde y\u00f6netmemizi sa\u011flayan bilgi ve ki\u015fisel verileri hangi \u015fekilde ele ald\u0131\u011f\u0131n\u0131 a\u00e7\u0131klamaktad\u0131r.<\/p>\n<p>&nbsp;<\/p>\n<ol>\n<li>Bu Gizlilik Politikas\u0131n\u0131n Amac\u0131<\/li>\n<\/ol>\n<p>Her zaman gizlili\u011finize sayg\u0131 duymaya ve onu korumaya kararl\u0131y\u0131z. \u015eirket, Web Sitemizi ziyaret eden herhangi bir ki\u015fi hakk\u0131ndaki bilgileri, bu Gizlilik Politikas\u0131nda a\u00e7\u0131k\u00e7a belirtilenler d\u0131\u015f\u0131nda, ba\u015fkalar\u0131na satmayacak, kiralamayacak, aktarmayacak veya ba\u015fka \u015fekilde kullan\u0131ma sunmayacakt\u0131r.<\/p>\n<p>Bu Gizlilik Politikas\u0131n\u0131n amac\u0131:<\/p>\n<ul>\n<li>\u015eirketin sizden hangi t\u00fcr ki\u015fisel verileri toplayaca\u011f\u0131n\u0131 ve ki\u015fisel bilgilerinizi nas\u0131l kullanaca\u011f\u0131m\u0131z\u0131 belirlemek,<\/li>\n<li>Herhangi bir ki\u015fisel verinin \u015eirket taraf\u0131ndan hangi temelde i\u015flendi\u011fini belirlemek,<\/li>\n<li>\u015eirketin ki\u015fisel verilerinizi nas\u0131l ele alaca\u011f\u0131 konusunda sizi bilgilendirmek,<\/li>\n<li>Ki\u015fisel verilerinizi yasal ve sorumlu bir \u015fekilde i\u015fleme konusunda \u015eirketin veri koruma d\u00fczenlemeleri kapsam\u0131ndaki y\u00fck\u00fcml\u00fcl\u00fcklerini a\u00e7\u0131kl\u0131\u011fa kavu\u015fturmak,<\/li>\n<li>Sizi veri koruma haklar\u0131n\u0131z hakk\u0131nda bilgilendirmek.<\/li>\n<\/ul>\n<p>&nbsp;<\/p>\n<ol start=\"2\">\n<li>Ki\u015fisel Verilerinizi \u0130\u015flememizin Yasal Dayana\u011f\u0131<\/li>\n<\/ol>\n<p>\u015eirket taraf\u0131ndan bu Gizlilik Politikas\u0131nda \u00f6ng\u00f6r\u00fcld\u00fc\u011f\u00fc \u015fekilde ger\u00e7ekle\u015ftirilen t\u00fcm Ki\u015fisel Veri i\u015fleme faaliyetleri,<\/p>\n<p>The National Data Protection Act No. 6698 (NDA), which entered into force on 7 April 2016 (Ki\u015fisel Verilerin Korunmasi Kanunu \u2116 6698), is based on the principles of the European Union&#8217;s GDPR.<\/p>\n<p>Faaliyet g\u00f6sterdi\u011fimiz yarg\u0131 b\u00f6lgelerindeki yerel veri koruma yasalar\u0131na uyaca\u011f\u0131z.<\/p>\n<p>Bu Gizlilik Politikas\u0131, sizinle ilgili ki\u015fisel verileri toplad\u0131\u011f\u0131m\u0131z veya i\u015fledi\u011fimiz belirli durumlarda sa\u011flayabilece\u011fimiz di\u011fer Gizlilik Bildirimleri ile birlikte okunmal\u0131d\u0131r; b\u00f6ylece verilerinizi nas\u0131l ve neden kulland\u0131\u011f\u0131m\u0131z konusunda tam olarak bilgi sahibi olursunuz.<\/p>\n<p>&nbsp;<\/p>\n<ol start=\"3\">\n<li>Sizden Toplad\u0131\u011f\u0131m\u0131z Ki\u015fisel Veriler<\/li>\n<\/ol>\n<p>Ki\u015fisel veriler veya ki\u015fisel bilgiler, bir bireyin tan\u0131mlanabildi\u011fi her t\u00fcrl\u00fc bilgi anlam\u0131na gelir. Kimli\u011fin \u00e7\u0131kar\u0131ld\u0131\u011f\u0131 verileri (anonim veriler) kapsamaz. Web Sitemizi, bizi internette kimli\u011finizi a\u00e7\u0131klamadan veya herhangi bir ki\u015fisel bilgi vermeden ziyaret edebilmeniz i\u00e7in yap\u0131land\u0131rd\u0131k. Bize ki\u015fisel bilgi vermeyi se\u00e7ti\u011finizde, bu bilgileri koruyacak ve sadece a\u015fa\u011f\u0131da a\u00e7\u0131klanan \u015fekillerde kullanaca\u011f\u0131z.<\/p>\n<p>Hakk\u0131n\u0131zda a\u015fa\u011f\u0131daki ki\u015fisel verileri toplayaca\u011f\u0131z ve i\u015fleyece\u011fiz:<\/p>\n<p>a) \u0130leti\u015fim Verileri, fatura adresi, posta adresi, e-posta adresi ve ileti\u015fim numaralar\u0131n\u0131 i\u00e7erir.<\/p>\n<p>b) Teknik Veriler, internet protokol\u00fc (IP) adresi, giri\u015f verileriniz, taray\u0131c\u0131 t\u00fcr\u00fc ve s\u00fcr\u00fcm\u00fc, saat dilimi ayar\u0131 ve konumu, taray\u0131c\u0131 eklenti t\u00fcrleri ve s\u00fcr\u00fcmleri, i\u015fletim sistemi ve platformu ile Web Sitemizdeki deneyiminize ili\u015fkin sayfa yan\u0131t s\u00fcreleri, indirme hatalar\u0131, belirli sayfalara yap\u0131lan ziyaretlerin s\u00fcresi, sayfa etkile\u015fim bilgileri (kayd\u0131rma, t\u0131klamalar ve fare \u00fczerine gelme gibi) ve sayfadan ayr\u0131lmak i\u00e7in kullan\u0131lan y\u00f6ntemler gibi di\u011fer bilgileri i\u00e7erir.<\/p>\n<p>Konum bilgileri: Konumunuz hakk\u0131nda bilgi alabilir ve konumunuzu IP adresiniz arac\u0131l\u0131\u011f\u0131yla ve Web Sitesine bir mobil cihaz \u00fczerinden eri\u015fildi\u011finde, bu cihazdan toplad\u0131\u011f\u0131m\u0131z verileri kullanarak belirleyebiliriz. Bu, eri\u015fim s\u0131ras\u0131nda mobil cihaz\u0131n\u0131z\u0131n yak\u0131n\u0131ndaki kablosuz a\u011flar veya baz istasyonlar\u0131 hakk\u0131ndaki bilgileri i\u00e7erir.<\/p>\n<p>Web Sitemiz, sizi Web Sitemizin di\u011fer kullan\u0131c\u0131lar\u0131ndan ay\u0131rt etmek i\u00e7in \u00e7erezler kullan\u0131r. Bu, Web Sitemizde gezinirken size iyi bir deneyim sunmam\u0131z\u0131 sa\u011flamaya yard\u0131mc\u0131 olur ve Web Sitemizi iyile\u015ftirmemize olanak tan\u0131r. Kulland\u0131\u011f\u0131m\u0131z \u00e7erezler ve bunlar\u0131 kullan\u0131m ama\u00e7lar\u0131m\u0131z hakk\u0131nda ayr\u0131nt\u0131l\u0131 bilgi i\u00e7in \u00c7erez Politikam\u0131za bak\u0131n.<\/p>\n<p>c) Pazarlama ve \u0130leti\u015fim Verileri, bizden ve \u00fc\u00e7\u00fcnc\u00fc taraflar\u0131m\u0131zdan veya ba\u011fl\u0131 kurulu\u015flar\u0131m\u0131zdan pazarlama alma tercihlerinizi ve ileti\u015fim tercihlerinizi i\u00e7erir. Bu, herhangi bir posta listemize abone olup olmad\u0131\u011f\u0131n\u0131z veya listeden ayr\u0131l\u0131p ayr\u0131lmad\u0131\u011f\u0131n\u0131z, etkinliklerimize kat\u0131l\u0131p kat\u0131lmad\u0131\u011f\u0131n\u0131z veya davetlerimizi kabul edip etmedi\u011finiz hakk\u0131ndaki bilgileri i\u00e7erebilir.<\/p>\n<p>Talep etti\u011finiz Hizmetleri sa\u011flamak i\u00e7in ilgili ve gerekli oldu\u011fu durumlarda, bize g\u00f6n\u00fcll\u00fc olarak vermeyi veya if\u015fa etmeyi se\u00e7ti\u011finiz di\u011fer ki\u015fisel bilgileri de toplayacak, kaydedecek, kullanacak ve i\u015fleyece\u011fiz.<\/p>\n<p>&nbsp;<\/p>\n<ol start=\"4\">\n<li>Ki\u015fisel Verileriniz Nas\u0131l Toplanmaktad\u0131r<\/li>\n<\/ol>\n<p>Bu bilgileri a\u015fa\u011f\u0131daki durumlarda sa\u011flayabilirsiniz:<\/p>\n<ul>\n<li>Web Sitesinde bir bilgi formu doldurarak,<\/li>\n<li>Hizmetlerimize ba\u015fvurdu\u011funuzda posta, telefon, g\u00f6r\u00fcnt\u00fcl\u00fc g\u00f6r\u00fc\u015fme, e-posta veya ba\u015fka bir yolla bizimle ileti\u015fime ge\u00e7erek,<\/li>\n<li>Hizmetlerimize veya yay\u0131nlar\u0131m\u0131za abone olarak,<\/li>\n<li>Size pazarlama ileti\u015fimi g\u00f6nderilmesini talep ederek,<\/li>\n<li>Bize geri bildirimde bulunarak,<\/li>\n<li>Bize mal ve\/veya hizmet tedariki i\u00e7in s\u00f6zle\u015fme m\u00fczakerelerine ba\u015flayarak veya s\u00f6zle\u015fme imzalayarak,<\/li>\n<li>Web Sitemizi her ziyaret etti\u011finizde, Teknik verileri otomatik olarak toplayaca\u011f\u0131z.<\/li>\n<li>Hakk\u0131n\u0131zda \u00e7e\u015fitli \u00fc\u00e7\u00fcnc\u00fc taraflardan ve kamuya a\u00e7\u0131k kaynaklardan ki\u015fisel veri alabiliriz.<\/li>\n<\/ul>\n<p>&nbsp;<\/p>\n<ol start=\"5\">\n<li>Ki\u015fisel Verilerinizi Nas\u0131l Kullan\u0131yoruz<\/li>\n<\/ol>\n<p>Bu bilgileri a\u015fa\u011f\u0131daki ama\u00e7larla kullanaca\u011f\u0131z:<\/p>\n<ul>\n<li>Talep etti\u011finiz hizmetlerin sa\u011flanmas\u0131n\u0131 kolayla\u015ft\u0131rmak ve sizinle yapmak \u00fczere oldu\u011fumuz veya yapt\u0131\u011f\u0131m\u0131z s\u00f6zle\u015fmeyi ifa etmemiz gerekti\u011finde,<\/li>\n<li>Me\u015fru menfaatlerimiz (veya \u00fc\u00e7\u00fcnc\u00fc bir taraf\u0131n menfaatleri) i\u00e7in gerekli oldu\u011funda ve sizin menfaatleriniz ile temel haklar\u0131n\u0131z bu menfaatleri ge\u00e7ersiz k\u0131lmad\u0131\u011f\u0131nda,<\/li>\n<li>Yasal veya d\u00fczenleyici bir y\u00fck\u00fcml\u00fcl\u00fc\u011fe uymam\u0131z gerekti\u011finde,<\/li>\n<li>Bildirdi\u011finiz sorunlar\u0131 \u00e7\u00f6zmek ve destekle ilgili hizmetleri sa\u011flamak i\u00e7in,<\/li>\n<li>Bizimle olan tedarik\u00e7i ili\u015fkinizi y\u00f6netmek i\u00e7in,<\/li>\n<li>Web Sitemizi y\u00f6netmek ve sorun giderme dahil dahili operasyonlar i\u00e7in ve Web Sitemizi g\u00fcvenli ve emniyetli tutmak i\u00e7in,<\/li>\n<li>\u0130\u00e7eri\u011fin sizin i\u00e7in en etkili \u015fekilde sunulmas\u0131n\u0131 sa\u011flamak amac\u0131yla Web Sitemizi iyile\u015ftirmek i\u00e7in,<\/li>\n<li>Web Sitesinde g\u00f6r\u00fcnt\u00fclenen i\u00e7eri\u011fin kullan\u0131c\u0131 dostu bir \u015fekilde sunulmas\u0131n\u0131 sa\u011flamak i\u00e7in.<\/li>\n<\/ul>\n<p>&nbsp;<\/p>\n<ol start=\"6\">\n<li>\u0130\u015fleme i\u00e7in Yasal Dayanak<\/li>\n<\/ol>\n<p>Ki\u015fisel verilerinizi yaln\u0131zca sundu\u011fumuz hizmetleri sa\u011flamam\u0131z ve\/veya bu Gizlilik Politikas\u0131nda belirtilen ama\u00e7lar i\u00e7in gerekli oldu\u011fu \u00f6l\u00e7\u00fcde i\u015fleyece\u011fiz.<\/p>\n<p>Ki\u015fisel verilerinizi ayr\u0131ca herhangi bir me\u015fru menfaate dayanarak veya herhangi bir yasal y\u00fck\u00fcml\u00fcl\u00fc\u011f\u00fc yerine getirmek i\u00e7in i\u015fleyebiliriz. Bu menfaatler ve y\u00fck\u00fcml\u00fcl\u00fckler, yasal taleplerin ileri s\u00fcr\u00fclmesi veya savunulmas\u0131 veya herhangi bir mahkeme, yarg\u0131 mercii, otoritenin karar\u0131na uymak veya bir h\u00fck\u00fcmet veya d\u00fczenleyici kurulu\u015fa bildirimde bulunmay\u0131 i\u00e7erebilir.<\/p>\n<p>Genel olarak, ki\u015fisel verilerinizi i\u015flemek i\u00e7in yasal dayanak olarak r\u0131zaya dayanmay\u0131z. Ancak, r\u0131zan\u0131z\u0131n gerekli oldu\u011fu durumlarda, bunu yapmak i\u00e7in a\u00e7\u0131k r\u0131zan\u0131z\u0131 talep eden bir form size sa\u011flayaca\u011f\u0131z.<\/p>\n<p>&nbsp;<\/p>\n<ol start=\"7\">\n<li>Pazarlama<\/li>\n<\/ol>\n<p>Bu Web Sitesi arac\u0131l\u0131\u011f\u0131yla bize bilgilerinizi vererek bu t\u00fcr bilgileri talep ettiyseniz ve bu bilgileri almaya izin verdiyseniz (onay verdiyseniz) pazarlama ileti\u015fimi alacaks\u0131n\u0131z. Sizinle bir i\u015f ili\u015fkisine (yani bir s\u00f6zle\u015fmeye) girdi\u011fimizde, me\u015fru menfaatimiz do\u011frultusunda sizin i\u00e7in faydal\u0131 olaca\u011f\u0131na inand\u0131\u011f\u0131m\u0131z faaliyetlerimiz, tekliflerimiz veya di\u011fer bilgiler hakk\u0131nda sizi bilgilendirebiliriz.<\/p>\n<p>A\u00e7\u0131k r\u0131zan\u0131z olmadan, ki\u015fisel verilerinizi pazarlama ama\u00e7l\u0131 olarak herhangi bir \u00fc\u00e7\u00fcnc\u00fc tarafla payla\u015fmayaca\u011f\u0131z.<\/p>\n<p>&nbsp;<\/p>\n<ol start=\"8\">\n<li>Ki\u015fisel Verilerinizin A\u00e7\u0131klanmas\u0131<\/li>\n<\/ol>\n<p>Talep etti\u011finiz hizmetleri sa\u011flamam\u0131z i\u00e7in gerekli olan yerel acenteler veya di\u011fer hizmet tedarik\u00e7ileriyle (veri i\u015fleyen s\u0131fat\u0131yla) verilerinizi payla\u015fmam\u0131z gerekebilir. Bu yerel acenteler ve tedarik\u00e7iler, verilerinizi s\u0131k\u0131 gizlilik esaslar\u0131na dayal\u0131 olarak saklar ve i\u015fler ve uygun g\u00fcvenlik \u00f6nlemleri ile korumalara tabidir.<\/p>\n<p>Verilerinizi ayr\u0131ca, yasal, vergi, gayrimenkul, g\u00f6\u00e7menlik veya di\u011fer dan\u0131\u015fmanlar ve m\u00fc\u015favirler, \u00f6deme detaylar\u0131 i\u00e7in (uluslararas\u0131) bankalar veya sizinle ayr\u0131 \u015fart ve ko\u015fullar alt\u0131nda ili\u015fki kurmak isteyebilece\u011finiz gayrimenkul acenteleri, sahipleri veya geli\u015ftiricileri gibi size ba\u015fka veya ek hizmetler veya mallar sa\u011flayan \u00fc\u00e7\u00fcnc\u00fc taraflar dahil olmak \u00fczere di\u011fer \u00fc\u00e7\u00fcnc\u00fc taraflarla, onlar\u0131n veri sorumlusu s\u0131fat\u0131yla payla\u015fabiliriz. Bu \u00fc\u00e7\u00fcnc\u00fc taraflar, verilerinizi kendi ba\u015flar\u0131na veri sorumlusu olarak i\u015fleyeceklerdir ve onlar\u0131n veri koruma politikalar\u0131 ve s\u00fcre\u00e7leri ge\u00e7erli olacakt\u0131r.<\/p>\n<p>Herhangi bir yasal y\u00fck\u00fcml\u00fcl\u00fc\u011f\u00fc veya mahkeme, yarg\u0131 mercii veya otorite karar\u0131n\u0131 yerine getirme zorunlulu\u011fumuz varsa veya bu kapsamda verilerinizi if\u015fa etmemiz veya payla\u015fmam\u0131z gerekebilir. Ayr\u0131ca, kullan\u0131m \u015fartlar\u0131m\u0131z\u0131 uygulamak veya haklar\u0131m\u0131z\u0131, m\u00fclkiyetimizi veya g\u00fcvenli\u011fimizi, ortaklar\u0131m\u0131z\u0131n veya Web Sitemizin di\u011fer kullan\u0131c\u0131lar\u0131n\u0131n haklar\u0131n\u0131, m\u00fclkiyetini veya g\u00fcvenli\u011fini korumak i\u00e7in verilerinizi if\u015fa edebiliriz. Bu, kara para aklamay\u0131 \u00f6nleme veya KYC kontrolleri, r\u00fc\u015fvet veya yolsuzlukla m\u00fccadele yasalar\u0131na uyum ve\/veya doland\u0131r\u0131c\u0131l\u0131k korumas\u0131 ama\u00e7lar\u0131yla di\u011fer \u015firketler ve kurulu\u015flarla bilgi al\u0131\u015fveri\u015fini i\u00e7erir.<\/p>\n<p>&nbsp;<\/p>\n<ol start=\"9\">\n<li>Verilerin \u00dc\u00e7\u00fcnc\u00fc \u00dclkelere Aktar\u0131lmas\u0131<\/li>\n<\/ol>\n<p>Ki\u015fisel verilerinizi dahili veya harici \u00fc\u00e7\u00fcnc\u00fc taraflarla payla\u015ft\u0131\u011f\u0131m\u0131zda, bu, verilerinizin T\u00fcrkiye d\u0131\u015f\u0131na aktar\u0131lmas\u0131n\u0131 i\u00e7erebilir. Ki\u015fisel verilerinizi, y\u00fcr\u00fcrl\u00fckteki yasalara uygun olarak korunmas\u0131n\u0131 ve g\u00fcvenli bir \u015fekilde aktar\u0131lmas\u0131n\u0131 sa\u011flamak i\u00e7in standart s\u00f6zle\u015fme h\u00fck\u00fcmlerine uygun olarak aktaraca\u011f\u0131z.<\/p>\n<p>&nbsp;<\/p>\n<ol start=\"10\">\n<li>Ki\u015fisel Verilerinize \u00dc\u00e7\u00fcnc\u00fc Taraflar\u0131n Eri\u015fimi<\/li>\n<\/ol>\n<p>Web Sitemizde talep etti\u011finiz hizmetleri size sa\u011flamak i\u00e7in \u00fc\u00e7\u00fcnc\u00fc taraflarla yak\u0131n i\u015fbirli\u011fi i\u00e7inde \u00e7al\u0131\u015f\u0131yoruz. Bu \u00fc\u00e7\u00fcnc\u00fc taraflar, bulut depolama sa\u011flay\u0131c\u0131lar\u0131, analiz sa\u011flay\u0131c\u0131lar\u0131 ve arama motoru bilgi sa\u011flay\u0131c\u0131lar\u0131n\u0131 i\u00e7erir. Yaln\u0131zca faaliyet g\u00f6sterdi\u011fimiz yarg\u0131 b\u00f6lgelerindeki ge\u00e7erli yasalara uyan \u00fc\u00e7\u00fcnc\u00fc taraf sa\u011flay\u0131c\u0131larla \u00e7al\u0131\u015faca\u011f\u0131z.<\/p>\n<p>&nbsp;<\/p>\n<ol start=\"11\">\n<li>Veri G\u00fcvenli\u011fi<\/li>\n<\/ol>\n<p>Ki\u015fisel verilerin hukuka ayk\u0131r\u0131 veya yetkisiz i\u015flenmesine ve ki\u015fisel verilerin kazara kayb\u0131na veya hasar g\u00f6rmesine kar\u015f\u0131 uygun g\u00fcvenlik \u00f6nlemlerinin al\u0131nmas\u0131n\u0131 sa\u011flayaca\u011f\u0131z. Ayr\u0131ca, ki\u015fisel verilerinize eri\u015fimi, bu bilgileri kesinlikle bilmesi gereken \u00e7al\u0131\u015fanlar, acenteler, y\u00fckleniciler ve di\u011fer profesyonel \u00fc\u00e7\u00fcnc\u00fc taraflarla s\u0131n\u0131rland\u0131r\u0131yoruz. Bunlar, ki\u015fisel verilerinizi yaln\u0131zca talimatlar\u0131m\u0131z do\u011frultusunda i\u015fleyecek ve gizlilik y\u00fck\u00fcml\u00fcl\u00fc\u011f\u00fcne tabi olacaklard\u0131r. T\u00fcm \u00e7al\u0131\u015fanlar\u0131m\u0131z ve acentelerimiz veri koruma konusunda uygun e\u011fitimi alm\u0131\u015ft\u0131r.<\/p>\n<p>Web Sitemiz ile cihaz\u0131n\u0131z aras\u0131nda bilgi aktar\u0131m\u0131, ta\u015f\u0131ma katman\u0131 g\u00fcvenli\u011fi (TLS) sertifikalar\u0131 ile korunmaktad\u0131r. Web Sitesine uyumlu taray\u0131c\u0131lar kullan\u0131larak eri\u015fildi\u011finde, bu teknoloji, hem sunucu kimlik do\u011frulamas\u0131 hem de veri \u015fifreleme kullanarak ki\u015fisel bilgileri korur ve ki\u015fisel bilgilerin aktar\u0131m s\u0131ras\u0131nda g\u00fcvende ve emniyette olmas\u0131n\u0131 sa\u011flar.<\/p>\n<p>T\u00fcm ki\u015fisel veriler, yetkisiz eri\u015fim veya m\u00fcdahaleye kar\u015f\u0131 koruma sa\u011flamak i\u00e7in g\u00fcvenlik duvar\u0131 ve di\u011fer ileri teknolojileri kullanan g\u00fcvenli bir sunucu ortam\u0131nda saklan\u0131r. Kullan\u0131c\u0131 adlar\u0131 ve parolalar, ki\u015fisel verilere eri\u015fim yetkisi verilen ki\u015filere (\u00e7al\u0131\u015fanlar\u0131m\u0131z gibi) verilir; bu ki\u015filer, hi\u00e7bir ki\u015fisel veriyi if\u015fa etmemekle y\u00fck\u00fcml\u00fcd\u00fcr.<\/p>\n<p>Hi\u00e7bir veri aktar\u0131m y\u00f6ntemi 0 g\u00fcvenli de\u011fildir ve mutlak g\u00fcvenlik garanti edilemez.<\/p>\n<p>&nbsp;<\/p>\n<ol start=\"12\">\n<li>Veri Saklama<\/li>\n<\/ol>\n<p>Verilerinizi yaln\u0131zca topland\u0131klar\u0131 ama\u00e7lar i\u00e7in (yani size hizmetlerimizi sunmak veya herhangi bir yasal, muhasebe veya raporlama gereksinimini kar\u015f\u0131lamak i\u00e7in) kesinlikle gerekli oldu\u011fu s\u00fcrece saklayaca\u011f\u0131z.<\/p>\n<p>Ki\u015fisel verilerinizi, yaln\u0131zca bunlar\u0131 toplad\u0131\u011f\u0131m\u0131z ama\u00e7lar\u0131 (Hizmetlerin sa\u011flanmas\u0131 ve sizinle olan profesyonel ili\u015fkimizin devam eden performans\u0131) yerine getirmek i\u00e7in gerekli oldu\u011fu s\u00fcrece ve daha sonra, tabi olabilece\u011fimiz herhangi bir yasal, muhasebe, vergi, kara para aklamay\u0131 \u00f6nleme ve d\u00fczenleyici raporlama gereklili\u011fini veya y\u00fck\u00fcml\u00fcl\u00fc\u011f\u00fcn\u00fc yerine getirmek ve\/veya size kar\u015f\u0131 veya sizi ilgilendiren olas\u0131 gelecekteki yasal talepleri ileri s\u00fcrmek, kullanmak veya savunmak i\u00e7in ki\u015fisel verilerinizi saklamam\u0131z gerekebilece\u011fi \u00f6l\u00e7\u00fcde muhafaza edece\u011fiz.<\/p>\n<p>Genel olarak, ki\u015fisel verilerinizin saklanmas\u0131, \u015eirket ile olan ili\u015fkinizin sona ermesinden itibaren alt\u0131 (6) y\u0131l\u0131 a\u015fmayacakt\u0131r.<\/p>\n<p>&nbsp;<\/p>\n<ol start=\"13\">\n<li>Veri Minimizasyonu<\/li>\n<\/ol>\n<p>M\u00fcmk\u00fcn oldu\u011funda ve \u00f6l\u00e7\u00fcde, hakk\u0131n\u0131zda tuttu\u011fumuz verilerden sizi tan\u0131mlamak art\u0131k gerekli olmad\u0131\u011f\u0131nda, bu verileri anonim hale getiririz.<\/p>\n<p>&nbsp;<\/p>\n<ol start=\"14\">\n<li>Veri Sahibi Olarak Haklar\u0131n\u0131z<\/li>\n<\/ol>\n<p>&nbsp;<\/p>\n<ol>\n<li>D\u00fczeltme hakk\u0131. \u0130\u015fledi\u011fimiz hakk\u0131n\u0131zdaki yanl\u0131\u015f ki\u015fisel verilerin d\u00fczeltilmesini, g\u00fcncel olmayan verilerin g\u00fcncellenmesini ve tamamlay\u0131c\u0131 bir beyan da dahil olmak \u00fczere eksik ki\u015fisel verilerin tamamlanmas\u0131n\u0131 talep etme hakk\u0131na sahipsiniz.<\/li>\n<li>Silinme hakk\u0131. A\u015fa\u011f\u0131daki durumlarda, art\u0131k gerekli olmad\u0131\u011f\u0131nda, hakk\u0131m\u0131zda bulunan ki\u015fisel verilerin silinmesini talep etme hakk\u0131na sahipsiniz:<\/li>\n<\/ol>\n<ul>\n<li>\u0130\u015flemenin ba\u015flang\u0131\u00e7ta dayand\u0131\u011f\u0131 ki\u015fisel verilerinizin i\u015flenmesine ili\u015fkin r\u0131zan\u0131z\u0131 geri \u00e7ekti\u011finizde veya i\u015fleme i\u00e7in ba\u015fka hi\u00e7bir yasal dayanak bulunmad\u0131\u011f\u0131nda,<\/li>\n<li>Ki\u015fisel verileriniz, ba\u015flang\u0131\u00e7ta topland\u0131klar\u0131 ama\u00e7la ili\u015fkili olarak art\u0131k gerekli olmad\u0131\u011f\u0131nda,<\/li>\n<li>\u0130\u015fleme itiraz etti\u011finizde ve pazarlama ileti\u015fimi i\u00e7in i\u015flemeyi hakl\u0131 k\u0131lan ge\u00e7erli hi\u00e7bir me\u015fru menfaat bulunmad\u0131\u011f\u0131nda,<\/li>\n<li>Ki\u015fisel verileriniz hukuka ayk\u0131r\u0131 olarak i\u015flendi\u011finde,<\/li>\n<li>Ki\u015fisel verilerin, tabi oldu\u011fumuz yasal bir y\u00fck\u00fcml\u00fcl\u00fc\u011fe uymak i\u00e7in silinmesi gerekti\u011finde.<\/li>\n<\/ul>\n<p>Ancak, belirli yasal nedenlerle silme talebinizi her zaman yerine getiremeyebilece\u011fimizi unutmay\u0131n; bu durum, talebiniz s\u0131ras\u0131nda size bildirilecektir. Bu durumlar, ki\u015fisel verilerinizin saklanmas\u0131n\u0131n tabi oldu\u011fumuz yasal veya d\u00fczenleyici bir y\u00fck\u00fcml\u00fcl\u00fc\u011fe uymak i\u00e7in gerekli oldu\u011fu veya yasal bir talebin ileri s\u00fcr\u00fclmesi, kullan\u0131lmas\u0131 veya savunulmas\u0131 i\u00e7in gerekli oldu\u011fu halleri i\u00e7erebilir.<\/p>\n<ol start=\"3\">\n<li>Veri ta\u015f\u0131nabilirli\u011fi hakk\u0131. Ki\u015fisel verilerinizi yap\u0131land\u0131r\u0131lm\u0131\u015f, yayg\u0131n olarak kullan\u0131lan ve makine taraf\u0131ndan okunabilir bir formatta size veya se\u00e7ti\u011finiz \u00fc\u00e7\u00fcnc\u00fc bir tarafa sa\u011flayaca\u011f\u0131z.<\/li>\n<li>R\u0131zay\u0131 geri \u00e7ekme hakk\u0131. Belirli bir ama\u00e7la (\u00f6rne\u011fin pazarlama i\u00e7in) ki\u015fisel bilgilerinizin toplanmas\u0131na, i\u015flenmesine ve aktar\u0131lmas\u0131na r\u0131za g\u00f6stermi\u015f olabilece\u011finiz durumlarda, bu belirli i\u015fleme i\u00e7in r\u0131zan\u0131z\u0131 istedi\u011finiz zaman geri \u00e7ekme hakk\u0131na sahipsiniz veya bu Gizlilik Politikas\u0131na verdi\u011finiz r\u0131zay\u0131 geri \u00e7ekebilirsiniz. R\u0131zan\u0131z\u0131 geri \u00e7ekti\u011finize dair bildirimi ald\u0131ktan sonra, bilgilerinizi bu ama\u00e7la i\u015flemeye devam etmeyece\u011fiz, ancak yasada bunu yapmak i\u00e7in ba\u015fka bir me\u015fru dayana\u011f\u0131m\u0131z varsa bu ge\u00e7erli de\u011fildir. Bu Gizlilik Politikas\u0131na verilen r\u0131zan\u0131n geri \u00e7ekilmesi, hizmetlerimizi sizinle derhal sonland\u0131rmam\u0131zla sonu\u00e7lanacakt\u0131r.<\/li>\n<\/ol>\n<p>&nbsp;<\/p>\n<ol start=\"15\">\n<li>Uyu\u015fmazl\u0131klara Uygulanacak Hukuk<\/li>\n<\/ol>\n<p>Gizlilik Politikas\u0131 ve konusu T\u00fcrk hukukuna tabidir. \u0130\u015fbu belge ile, G\u00f6revlendirme Mektubu ve bundan kaynaklanan herhangi bir konuyla ilgili her t\u00fcrl\u00fc talep, uyu\u015fmazl\u0131k veya ihtilaf konusunda T\u00fcrkiye mahkemelerinin m\u00fcnhas\u0131r yetkili olaca\u011f\u0131n\u0131 kabul edersiniz. Her bir taraf, bu mahkemelerde dava a\u00e7\u0131lmas\u0131na itiraz etme, davan\u0131n uygun olmayan bir yerde a\u00e7\u0131ld\u0131\u011f\u0131n\u0131 iddia etme veya bu mahkemelerin yetkili olmad\u0131\u011f\u0131n\u0131 iddia etme hakk\u0131ndan geri al\u0131namaz bir \u015fekilde feragat eder.<\/p>\n<p>&nbsp;<\/p>\n<ol start=\"16\">\n<li>Bu Gizlilik Politikas\u0131nda Yap\u0131lacak De\u011fi\u015fiklikler<\/li>\n<\/ol>\n<p>Bu Gizlilik Politikas\u0131nda gelecekte yapaca\u011f\u0131m\u0131z herhangi bir de\u011fi\u015fiklik bu sayfada yay\u0131nlanacak ve uygun oldu\u011fu durumlarda size e-posta yoluyla bildirilecektir.<\/p>\n\t<strong>Contact with us<br \/>\nBizimle ileti\u015fime ge\u00e7in ve i\u015finizin i\u00e7in en iyi ko\u015fullar\u0131 sunal\u0131m.<br \/>\n<\/strong>\n\t<img decoding=\"async\" loading=\"lazy\" src=\"https:\/\/lyschorift.com\/wp-content\/uploads\/2023\/02\/icon_mailto.png\" alt=\"\" width=\"17\" height=\"17\" \/>\u00a0 <a href=\"mailto:welcome@lischorift.com\">welcome@lischor.online<\/a><br \/>\n\n\t<p><a href=\"https:\/\/lyschorift.com\/tr\/privacy-policy\/\"><em>Gizlilik politikas\u0131<\/em><\/a><em> | <a href=\"https:\/\/lyschorift.com\/tr\/terms-of-use\/\">Kullanim ko\u015fullari<\/a><\/em><\/p>\n<p>\u00a9 2023 <a href=\"http:\/\/lyschorift.com\/tr\/\">www.lyschorift.com<\/a><\/p>","protected":false},"excerpt":{"rendered":"<p>Privacy Policy We are committed to protecting and respecting the privacy of your personal information. Last updated on January 30th, 2026. This Privacy Policy (hereafter referred to as the &#8220;Privacy Policy&#8221;) relates to the website https:\/\/lyschorift.com (hereafter referred to as the &#8220;website&#8221; or the &#8220;site&#8221;), the services provided by LYSCHOR\u0130FT NETWORKS TE\u00c7H\u0130ZAT T\u0130CARET L\u0130M\u0130TED \u015e\u0130RKET\u0130&hellip;&nbsp;<a href=\"https:\/\/lyschorift.com\/tr\/privacy-policy\/\" class=\"\" rel=\"bookmark\">Daha fazlas\u0131n\u0131 oku &raquo;<span class=\"screen-reader-text\">Gizlilik politikas\u0131<\/span><\/a><\/p>","protected":false},"author":1,"featured_media":0,"parent":0,"menu_order":0,"comment_status":"closed","ping_status":"closed","template":"","meta":{"neve_meta_sidebar":"","neve_meta_container":"full-width","neve_meta_enable_content_width":"","neve_meta_content_width":0,"neve_meta_title_alignment":"","neve_meta_author_avatar":"","neve_post_elements_order":"","neve_meta_disable_header":"","neve_meta_disable_footer":"on","neve_meta_disable_title":"on"},"_links":{"self":[{"href":"https:\/\/lyschorift.com\/tr\/wp-json\/wp\/v2\/pages\/206"}],"collection":[{"href":"https:\/\/lyschorift.com\/tr\/wp-json\/wp\/v2\/pages"}],"about":[{"href":"https:\/\/lyschorift.com\/tr\/wp-json\/wp\/v2\/types\/page"}],"author":[{"embeddable":true,"href":"https:\/\/lyschorift.com\/tr\/wp-json\/wp\/v2\/users\/1"}],"replies":[{"embeddable":true,"href":"https:\/\/lyschorift.com\/tr\/wp-json\/wp\/v2\/comments?post=206"}],"version-history":[{"count":4,"href":"https:\/\/lyschorift.com\/tr\/wp-json\/wp\/v2\/pages\/206\/revisions"}],"predecessor-version":[{"id":271,"href":"https:\/\/lyschorift.com\/tr\/wp-json\/wp\/v2\/pages\/206\/revisions\/271"}],"wp:attachment":[{"href":"https:\/\/lyschorift.com\/tr\/wp-json\/wp\/v2\/media?parent=206"}],"curies":[{"name":"wp","href":"https:\/\/api.w.org\/{rel}","templated":true}]}}