{"id":26,"date":"2023-02-09T08:18:30","date_gmt":"2023-02-09T08:18:30","guid":{"rendered":"https:\/\/lyschorift.com\/?page_id=26"},"modified":"2026-04-01T08:32:12","modified_gmt":"2026-04-01T08:32:12","slug":"lischor","status":"publish","type":"page","link":"https:\/\/lyschorift.com\/tr\/","title":{"rendered":"Lischor"},"content":{"rendered":"<h1>Start Your Business with Lyschorift Networks<br \/>\n<\/h1>\n\t\t\t<a href=\"\/tr\/contacts\/\" target=\"_self\" role=\"button\" rel=\"noopener\">\n\t\t\t\t\t\tTeklif Al\u0131n\n\t\t\t\t\t<\/a>\n\tH\u0130ZMETLER<br \/>\n<strong>Da\u011f\u0131t\u0131m ve \u00f6zel markal\u0131 \u00fcr\u00fcnler<\/strong><br \/>\n\u2022 Elektronik<br \/>\n\u2022 BT-ekipman\u0131<br \/>\n\u2022 REC bile\u015fenleri<br \/>\n\u2022 End\u00fcstriyel ekipman ve bile\u015fenler<br \/>\n\u2022 G\u0131da d\u0131\u015f\u0131 t\u00fcketim mallar\u0131\n\t\t\t<a href=\"\/tr\/services\/\" target=\"_self\" role=\"button\" rel=\"noopener\">\n\t\t\t\t\t\t\tDaha fazla\n\t\t\t\t\t<\/a>\n\t\t\t\t<img decoding=\"async\" loading=\"lazy\" src=\"https:\/\/lyschorift.com\/wp-content\/uploads\/2023\/02\/chips-1.jpg\" alt=\"chips\" itemprop=\"image\" height=\"431\" width=\"719\" title=\"chips\" onerror=\"this.style.display='none'\"  \/>\n\tH\u0130ZMETLER<br \/>\n<strong>Lojistik \u00e7\u00f6z\u00fcmler<\/strong><br \/>\n\u2022 Haftal\u0131k konteyner ve prefabrik teslimatlar d\u00fcnya \u00e7ap\u0131nda<br \/>\n\u2022 \u00c7e\u015fitlerin h\u0131zl\u0131 se\u00e7imi ve rotasyonu<br \/>\n\u2022 Parsiyel y\u00fcklerin tek kutudan konsolidasyonu<br \/>\n\u2022 Konteynerin dolmas\u0131n\u0131 beklemeden haftal\u0131k mal sevkiyat\u0131<br \/>\n\u2022 Solutions of all tasks on the side of China &#8211; from ransom and QR to paperwork<br \/>\n\u2022 Y\u00fck\u00fc olmayan en iyi fiyat\n\t\t\t<a href=\"\/tr\/services\/\" target=\"_self\" role=\"button\" rel=\"noopener\">\n\t\t\t\t\t\t\tDaha fazla\n\t\t\t\t\t<\/a>\n\t\t\t\t<img decoding=\"async\" loading=\"lazy\" src=\"https:\/\/lyschorift.com\/wp-content\/uploads\/2023\/02\/cargo1.jpg\" alt=\"cargo1\" itemprop=\"image\" height=\"418\" width=\"629\" title=\"cargo1\" onerror=\"this.style.display='none'\"  \/>\n\tH\u0130ZMETLER<br \/>\n<strong>Pazar ara\u015ft\u0131rma hizmetleri<\/strong><br \/>\n\nS\u0131f\u0131rdan pazar ara\u015ft\u0131rma hizmetleri sunuyoruz ve verileri topluyoruz.<br \/>\nWe assist companies in their decision-making process, and we are the right choice for your company if you:\n\t\u2022 Want to understand who your customer is and how customers use your product<br \/>\n\u2022 Pazardaki konumunuz hakk\u0131nda bilgi almak ister misiniz<br \/>\n\u2022 Markan\u0131z\u0131n mevcut ve potansiyel m\u00fc\u015fteriler taraf\u0131ndan nas\u0131l alg\u0131land\u0131\u011f\u0131n\u0131 bilmek istiyorsunuz<br \/>\n\u2022 Pazara yeni bir \u00fcr\u00fcn getirin ve tad\u0131n\u0131, ad\u0131n\u0131 veya tasar\u0131m\u0131n\u0131 test etmek istiyorsunuz<br \/>\n\u2022 Yeni \u00fcr\u00fcnler\/hizmetler veya yeni b\u00fcy\u00fcme f\u0131rsatlar\u0131 i\u00e7in fikirler aramak\n\t<p>Senaryolar ve ara\u015ft\u0131rma materyalleri geli\u015ftiriyor, veri toplama ve sonu\u00e7lar\u0131n analizini organize ediyoruz. Sa\u011flad\u0131\u011f\u0131m\u0131z hizmetler, t\u00fcm \u00f6nemli nitel ve nicel ara\u015ft\u0131rma y\u00f6ntemlerinin kullan\u0131m\u0131n\u0131 i\u00e7erir. ESOMAR ilkelerine uygun veri toplama ve analizinde y\u00fcksek kalite standartlar\u0131na ba\u011fl\u0131y\u0131z.<\/p>\n\t\t\t<a href=\"\/tr\/services\/\" target=\"_self\" role=\"button\" rel=\"noopener\">\n\t\t\t\t\t\t\tDaha fazla\n\t\t\t\t\t<\/a>\n\t<strong>Contact with us<br \/>\nBizimle ileti\u015fime ge\u00e7in ve i\u015finizin i\u00e7in en iyi ko\u015fullar\u0131 sunal\u0131m.<br \/>\n<\/strong>\n\t<img decoding=\"async\" loading=\"lazy\" src=\"https:\/\/lyschorift.com\/wp-content\/uploads\/2023\/02\/icon_mailto.png\" alt=\"\" width=\"17\" height=\"17\" \/>\u00a0 <a href=\"mailto:welcome@lischorift.com\">welcome@lischor.online<\/a><br \/>\n\n\t<h1>Take a closer look at our company and our Team<br \/>\n<\/h1>\n\t\t\t<a href=\"\/tr\/about\/\" target=\"_self\" role=\"button\" rel=\"noopener\">\n\t\t\t\t\t\tHakk\u0131m\u0131zda\n\t\t\t\t\t<\/a>\n\t<p><a href=\"https:\/\/lyschorift.com\/tr\/privacy-policy\/\"><em>Gizlilik politikas\u0131<\/em><\/a><em> | <a href=\"https:\/\/lyschorift.com\/tr\/terms-of-use\/\">Kullanim ko\u015fullari<\/a><\/em><\/p>\n<p>\u00a9 2023 <a href=\"http:\/\/lyschorift.com\/tr\/\">www.lyschorift.com<\/a><\/p>","protected":false},"excerpt":{"rendered":"<p>Start Your Business with Lyschorift Networks Get Quote SERVICES Distribution and private label products \u2022 Electronics \u2022 IT-equipment \u2022 REC components \u2022 Industrial equipment and components \u2022 Non-food consumer goods More SERVICES Logistics Solutions \u2022 Weekly container and groupage deliveries worldwide \u2022 Quick selection and rotation of assortment \u2022 Consolidation of groupage cargo from one&hellip;&nbsp;<a href=\"https:\/\/lyschorift.com\/tr\/\" class=\"\" rel=\"bookmark\">Daha fazlas\u0131n\u0131 oku &raquo;<span class=\"screen-reader-text\">Lischor<\/span><\/a><\/p>","protected":false},"author":1,"featured_media":0,"parent":0,"menu_order":0,"comment_status":"closed","ping_status":"closed","template":"","meta":{"neve_meta_sidebar":"","neve_meta_container":"full-width","neve_meta_enable_content_width":"","neve_meta_content_width":0,"neve_meta_title_alignment":"","neve_meta_author_avatar":"","neve_post_elements_order":"","neve_meta_disable_header":"","neve_meta_disable_footer":"on","neve_meta_disable_title":"on"},"_links":{"self":[{"href":"https:\/\/lyschorift.com\/tr\/wp-json\/wp\/v2\/pages\/26"}],"collection":[{"href":"https:\/\/lyschorift.com\/tr\/wp-json\/wp\/v2\/pages"}],"about":[{"href":"https:\/\/lyschorift.com\/tr\/wp-json\/wp\/v2\/types\/page"}],"author":[{"embeddable":true,"href":"https:\/\/lyschorift.com\/tr\/wp-json\/wp\/v2\/users\/1"}],"replies":[{"embeddable":true,"href":"https:\/\/lyschorift.com\/tr\/wp-json\/wp\/v2\/comments?post=26"}],"version-history":[{"count":45,"href":"https:\/\/lyschorift.com\/tr\/wp-json\/wp\/v2\/pages\/26\/revisions"}],"predecessor-version":[{"id":254,"href":"https:\/\/lyschorift.com\/tr\/wp-json\/wp\/v2\/pages\/26\/revisions\/254"}],"wp:attachment":[{"href":"https:\/\/lyschorift.com\/tr\/wp-json\/wp\/v2\/media?parent=26"}],"curies":[{"name":"wp","href":"https:\/\/api.w.org\/{rel}","templated":true}]}}