{"id":84,"date":"2023-02-18T21:49:49","date_gmt":"2023-02-18T21:49:49","guid":{"rendered":"https:\/\/lyschorift.com\/?page_id=84"},"modified":"2026-04-02T16:28:15","modified_gmt":"2026-04-02T16:28:15","slug":"about","status":"publish","type":"page","link":"https:\/\/lyschorift.com\/tr\/about\/","title":{"rendered":"Hakk\u0131m\u0131zda"},"content":{"rendered":"<strong>Hakk\u0131m\u0131zda<br>\n<\/strong>\n\tAB, T\u00fcrkiye ve \u00c7in ba\u015fta olmak \u00fczere d\u00fcnyan\u0131n her yerindeki i\u015f ve lojistik sorunlar\u0131yla ilgileniyoruz.<br>\nWe have been successfully working on the field of container deliveries under the &#8220;supply&#8221; scheme for key federal and regional networks since 2007. Our partners are the largest factories and suppliers-traders in Turkey, Poland, Germany and China.\n\t<p>Her m\u00fc\u015fteri i\u00e7in da\u011f\u0131t\u0131m ve lojistik alan\u0131nda en iyi \u00e7\u00f6z\u00fcmleri bulma konusundaki uzun y\u0131llara dayanan deneyimimiz, bireysel b\u00f6lgesel pazarlar\u0131n \u00f6zelliklerini inceleme ihtiyac\u0131, potansiyel ortaklar\u0131n analizi, a\u00e7\u0131k ve kapal\u0131 \u00e7e\u015fitli istatistiksel verilerin toplanmas\u0131 ve sistemle\u015ftirilmesi pazar ara\u015ft\u0131rmas\u0131, yerel uzmanlarla yap\u0131lan \u00e7ok say\u0131da isti\u015fare, nihayet m\u00fc\u015fterilerimize ek bir pazar ara\u015ft\u0131rmas\u0131 hizmeti sunmam\u0131za izin verdi. Art\u0131k m\u00fc\u015fteriye yeni veya mevcut y\u00f6nlerde potansiyel pazarlar\u0131 ke\u015ffetmek i\u00e7in tam te\u015fekk\u00fcll\u00fc ve ba\u011f\u0131ms\u0131z bir hizmet sunabiliriz.<\/p>\n\t<strong>DKIB Lyschorift Certificate<\/strong><br>\n<a href=\"https:\/\/lyschorift.com\/wp-content\/uploads\/2023\/02\/DKIB-Lyschorift-Certificate.pdf\" target=\"_blank\" rel=\"noopener\">PDF olarak g\u00f6r\u00fcnt\u00fclemek i\u00e7in t\u0131klay\u0131n<\/a>\n\t\t\t\t<a href=\"https:\/\/lyschorift.com\/wp-content\/uploads\/2023\/02\/DOC1.jpg\" target=\"_self\" itemprop=\"url\" rel=\"noopener\">\n\t\t\t\t<img decoding=\"async\" loading=\"lazy\" src=\"https:\/\/lyschorift.com\/wp-content\/uploads\/2023\/02\/DOC1-211x300.jpg\" alt=\"DOC1\" itemprop=\"image\" height=\"300\" width=\"211\" title=\"DOC1\" onerror=\"this.style.display='none'\">\n\t\t\t\t<\/a>\n\t<strong>LYSCHORI\u0307FT S\u0327I\u0307RKET CERTIFICATE OF ACTIVITY<\/strong><br>\n<a href=\"https:\/\/lyschorift.com\/wp-content\/uploads\/2026\/04\/Lyschorift-Oda-Sicil-Kayit.pdf\" target=\"_blank\" rel=\"noopener\">PDF olarak g\u00f6r\u00fcnt\u00fclemek i\u00e7in t\u0131klay\u0131n<\/a>\n\t\t\t\t<a href=\"https:\/\/lyschorift.com\/wp-content\/uploads\/2026\/03\/DOC3.jpg\" target=\"_self\" itemprop=\"url\" rel=\"noopener\">\n\t\t\t\t<img decoding=\"async\" loading=\"lazy\" src=\"https:\/\/lyschorift.com\/wp-content\/uploads\/2026\/03\/DOC3-211x300.jpg\" alt=\"DOC3\" itemprop=\"image\" height=\"300\" width=\"211\" title=\"DOC3\" onerror=\"this.style.display='none'\">\n\t\t\t\t<\/a>\n\t<strong>Contact with us<br>\nBizimle ileti\u015fime ge\u00e7in ve i\u015finizin i\u00e7in en iyi ko\u015fullar\u0131 sunal\u0131m.<br>\n<\/strong>\n\t<img decoding=\"async\" loading=\"lazy\" src=\"https:\/\/lyschorift.com\/wp-content\/uploads\/2023\/02\/icon_mailto.png\" alt=\"\" width=\"17\" height=\"17\">&nbsp; <a href=\"mailto:welcome@lischorift.com\">welcome@lischor.online<\/a><br>\n\n\t<p><a href=\"https:\/\/lyschorift.com\/tr\/privacy-policy\/\"><em>Gizlilik politikas\u0131<\/em><\/a><em> | <a href=\"https:\/\/lyschorift.com\/tr\/terms-of-use\/\">Kullanim ko\u015fullari<\/a><\/em><\/p>\n<p>\u00a9 2023 <a href=\"http:\/\/lyschorift.com\/tr\/\">www.lyschorift.com<\/a><\/p>","protected":false},"excerpt":{"rendered":"<p>About We are dealing with solving business and logistics issues worldwide, especially EU, Turkey and China. We have been successfully working on the field of container deliveries under the &#8220;supply&#8221; scheme for key federal and regional networks since 2007. Our partners are the largest factories and suppliers-traders in Turkey, Poland, Germany and China. By the&hellip;&nbsp;<a href=\"https:\/\/lyschorift.com\/tr\/about\/\" class=\"\" rel=\"bookmark\">Daha fazlas\u0131n\u0131 oku &raquo;<span class=\"screen-reader-text\">Hakk\u0131m\u0131zda<\/span><\/a><\/p>","protected":false},"author":1,"featured_media":0,"parent":0,"menu_order":0,"comment_status":"closed","ping_status":"closed","template":"","meta":{"neve_meta_sidebar":"","neve_meta_container":"full-width","neve_meta_enable_content_width":"","neve_meta_content_width":0,"neve_meta_title_alignment":"","neve_meta_author_avatar":"","neve_post_elements_order":"","neve_meta_disable_header":"","neve_meta_disable_footer":"on","neve_meta_disable_title":"on"},"_links":{"self":[{"href":"https:\/\/lyschorift.com\/tr\/wp-json\/wp\/v2\/pages\/84"}],"collection":[{"href":"https:\/\/lyschorift.com\/tr\/wp-json\/wp\/v2\/pages"}],"about":[{"href":"https:\/\/lyschorift.com\/tr\/wp-json\/wp\/v2\/types\/page"}],"author":[{"embeddable":true,"href":"https:\/\/lyschorift.com\/tr\/wp-json\/wp\/v2\/users\/1"}],"replies":[{"embeddable":true,"href":"https:\/\/lyschorift.com\/tr\/wp-json\/wp\/v2\/comments?post=84"}],"version-history":[{"count":32,"href":"https:\/\/lyschorift.com\/tr\/wp-json\/wp\/v2\/pages\/84\/revisions"}],"predecessor-version":[{"id":269,"href":"https:\/\/lyschorift.com\/tr\/wp-json\/wp\/v2\/pages\/84\/revisions\/269"}],"wp:attachment":[{"href":"https:\/\/lyschorift.com\/tr\/wp-json\/wp\/v2\/media?parent=84"}],"curies":[{"name":"wp","href":"https:\/\/api.w.org\/{rel}","templated":true}]}}