{"id":88,"date":"2023-02-18T21:51:05","date_gmt":"2023-02-18T21:51:05","guid":{"rendered":"https:\/\/lyschorift.com\/?page_id=88"},"modified":"2026-04-01T08:31:57","modified_gmt":"2026-04-01T08:31:57","slug":"contacts","status":"publish","type":"page","link":"https:\/\/lyschorift.com\/tr\/contacts\/","title":{"rendered":"\u0130leti\u015fim"},"content":{"rendered":"\n\n\t<strong><br \/>\nLYSCHORIFT NETWORKS TECHIZAT TICARET LIMITED SIRKETI<br \/>\n<\/strong>GAZ\u0130PA\u015eA MAH. YAVUZ SEL\u0130M BLV. TAKSIM I\u015e MERKEZI TAKSIM I\u015eMERKEZI NO: 72 \u0130\u00c7 KAPI NO: 12 ORTAH\u0130SAR \/ TRABZON\n<p><img decoding=\"async\" loading=\"lazy\" src=\"https:\/\/lyschorift.com\/wp-content\/uploads\/2023\/02\/icon_mailto.png\" alt=\"\" width=\"17\" height=\"17\" \/>\u00a0 <a href=\"mailto:welcome@lischorift.com\">welcome@lischor.online<\/a><\/p>\n\t<div class=\"wpforms-container wpforms-container-full\" id=\"wpforms-128\"><form id=\"wpforms-form-128\" class=\"wpforms-validate wpforms-form wpforms-ajax-form\" data-formid=\"128\" method=\"post\" enctype=\"multipart\/form-data\" action=\"\/tr\/wp-json\/wp\/v2\/pages\/88\" data-token=\"88b344b9c8990fd496a1be2a7e69d70b\"><noscript class=\"wpforms-error-noscript\">Please enable JavaScript in your browser to complete this form.<\/noscript><div class=\"wpforms-field-container\"><div id=\"wpforms-128-field_0-container\" class=\"wpforms-field wpforms-field-name\" data-field-id=\"0\"><label class=\"wpforms-field-label wpforms-label-hide\" for=\"wpforms-128-field_0\">Name <span class=\"wpforms-required-label\">*<\/span><\/label><input type=\"text\" id=\"wpforms-128-field_0\" class=\"wpforms-field-medium wpforms-field-required\" name=\"wpforms[fields][0]\" placeholder=\"Your Name\" required><\/div><div id=\"wpforms-128-field_1-container\" class=\"wpforms-field wpforms-field-email\" data-field-id=\"1\"><label class=\"wpforms-field-label wpforms-label-hide\" for=\"wpforms-128-field_1\">Email <span class=\"wpforms-required-label\">*<\/span><\/label><input type=\"email\" id=\"wpforms-128-field_1\" class=\"wpforms-field-medium wpforms-field-required\" name=\"wpforms[fields][1]\" placeholder=\"Your Email\" required><\/div><div id=\"wpforms-128-field_2-container\" class=\"wpforms-field wpforms-field-textarea\" data-field-id=\"2\"><label class=\"wpforms-field-label wpforms-label-hide\" for=\"wpforms-128-field_2\"> Message <span class=\"wpforms-required-label\">*<\/span><\/label><textarea id=\"wpforms-128-field_2\" class=\"wpforms-field-medium wpforms-field-required\" name=\"wpforms[fields][2]\" placeholder=\"Your Message\" required><\/textarea><\/div><\/div><div class=\"wpforms-submit-container\"><input type=\"hidden\" name=\"wpforms[id]\" value=\"128\"><input type=\"hidden\" name=\"wpforms[author]\" value=\"1\"><button type=\"submit\" name=\"wpforms[submit]\" id=\"wpforms-submit-128\" class=\"wpforms-submit\" data-alt-text=\"Sending...\" data-submit-text=\"Send\" aria-live=\"assertive\" value=\"wpforms-submit\">Send<\/button><img src=\"https:\/\/lyschorift.com\/wp-content\/plugins\/wpforms-lite\/assets\/images\/submit-spin.svg\" class=\"wpforms-submit-spinner\" style=\"display: none;\" width=\"26\" height=\"26\" alt=\"Loading\"><\/div><\/form><\/div>  <!-- .wpforms-container -->\n\t<p><a href=\"https:\/\/lyschorift.com\/privacy-policy\/\"><em>Privacy Policy<\/em><\/a><em> | <a href=\"https:\/\/lyschorift.com\/terms-of-use\/\">Terms of use<\/a><\/em><\/p>\n<p>\u00a9 2023 <a href=\"http:\/\/lyschorift.com\">www.lyschorift.com<\/a><\/p>\n\n","protected":false},"excerpt":{"rendered":"<p>LYSCHORIFT NETWORKS TECHIZAT TICARET LIMITED SIRKETI GAZ\u0130PA\u015eA MAH. YAVUZ SEL\u0130M BLV. TAKSIM I\u015e MERKEZI TAKSIM I\u015eMERKEZI NO: 72 \u0130\u00c7 KAPI NO: 12 ORTAH\u0130SAR \/ TRABZON \u00a0 welcome@lischor.online Privacy Policy | Terms of use \u00a9 2023 www.lyschorift.com<\/p>","protected":false},"author":1,"featured_media":0,"parent":0,"menu_order":0,"comment_status":"closed","ping_status":"closed","template":"","meta":{"neve_meta_sidebar":"","neve_meta_container":"full-width","neve_meta_enable_content_width":"","neve_meta_content_width":0,"neve_meta_title_alignment":"","neve_meta_author_avatar":"","neve_post_elements_order":"","neve_meta_disable_header":"","neve_meta_disable_footer":"on","neve_meta_disable_title":"on"},"_links":{"self":[{"href":"https:\/\/lyschorift.com\/tr\/wp-json\/wp\/v2\/pages\/88"}],"collection":[{"href":"https:\/\/lyschorift.com\/tr\/wp-json\/wp\/v2\/pages"}],"about":[{"href":"https:\/\/lyschorift.com\/tr\/wp-json\/wp\/v2\/types\/page"}],"author":[{"embeddable":true,"href":"https:\/\/lyschorift.com\/tr\/wp-json\/wp\/v2\/users\/1"}],"replies":[{"embeddable":true,"href":"https:\/\/lyschorift.com\/tr\/wp-json\/wp\/v2\/comments?post=88"}],"version-history":[{"count":19,"href":"https:\/\/lyschorift.com\/tr\/wp-json\/wp\/v2\/pages\/88\/revisions"}],"predecessor-version":[{"id":253,"href":"https:\/\/lyschorift.com\/tr\/wp-json\/wp\/v2\/pages\/88\/revisions\/253"}],"wp:attachment":[{"href":"https:\/\/lyschorift.com\/tr\/wp-json\/wp\/v2\/media?parent=88"}],"curies":[{"name":"wp","href":"https:\/\/api.w.org\/{rel}","templated":true}]}}